{"id":25,"date":"2025-07-31T08:16:32","date_gmt":"2025-07-31T08:16:32","guid":{"rendered":"https:\/\/www.fwbspaces.com\/?page_id=25"},"modified":"2025-07-31T08:16:35","modified_gmt":"2025-07-31T08:16:35","slug":"qual-e-la-guida-inutile-del-fwb-e-perche-non-si-tratta-solo-di-iniziare","status":"publish","type":"page","link":"https:\/\/www.fwbspaces.com\/index.php\/qual-e-la-guida-inutile-del-fwb-e-perche-non-si-tratta-solo-di-iniziare.html","title":{"rendered":"Qual \u00e8 la guida inutile del &#8220;FWB&#8221; e perch\u00e9 non si tratta solo di iniziare?"},"content":{"rendered":"\n<p>Smettiamola di fingere. Un approccio informale come &#8220;Sto cercando qualcosa&#8221; non ti fa sentire in colpa. Non tutti sono ansiosi di co-firmare un mutuo o di litigare per Netflix. Perch\u00e9? Alcuni di noi cercano un partner che possa empatizzare con i nostri sentimenti, senza alcun obbligo.<\/p>\n\n\n\n<p>All&#8217;inizio, credevo che condividere il mio desiderio di una situazione da &#8220;amici di letto&#8221; avrebbe spaventato le persone. Quindi, esclude quelli inappropriati.<\/p>\n\n\n\n<p>Cosa significa realmente &#8220;FWB&#8221;? (Se fatto correttamente.)<\/p>\n\n\n\n<p>Potresti chiarire il significato di &#8220;FWB&#8221; come scelta secondaria? No. Per me, si tratta pi\u00f9 di guardare oltre l&#8217;impegno che al conflitto. Penso che sia questo ci\u00f2 che conta davvero. Nel terzo mese, sapere tutto sull&#8217;accordo significa non dover affrontare attivit\u00e0 fantasmatiche, briciole di pane e aspettative irrealistiche.<\/p>\n\n\n\n<p>I contesti &#8220;informali&#8221; mi hanno permesso di dimostrare pi\u00f9 rispetto e comunicazione rispetto alle relazioni complete.<\/p>\n\n\n\n<p>Un moderno pasticcio negli appuntamenti &#8211;<\/p>\n\n\n\n<p>Gli appuntamenti sono attualmente come un segmento di un talent show infinito. Si tratta di essere il pi\u00f9 intelligente, il pi\u00f9 vulnerabile ma docile o semplicemente il pi\u00f9 bello e attraente. Le app non sono le uniche ad aver bisogno di connessione, anzi, sar\u00e0 un gioco in cui le persone possono scorrere pi\u00f9 velocemente mentre guardano episodi ripetuti.<\/p>\n\n\n\n<p>Ho notato un cambiamento nei livelli di energia in alcune parti di Internet nell&#8217;ultimo anno. Queste persone non si sforzano di apparire alla moda o popolari in base ai loro slogan. Si stanno semplicemente presentando. Parlando. Condividendo ci\u00f2 che gli piace. Nessuna performance. Nessun giudizio.<\/p>\n\n\n\n<p>Alcuni siti web stanno riconoscendo questo cambiamento. Accidenti! Non stanno causando alcun inconveniente. Creano spazi pi\u00f9 deliberati e tranquilli per coloro che vogliono essere connessi. Quasi come\u2026 gli adulti, sai.<\/p>\n\n\n\n<p>La questione in questione \u00e8 la tua volont\u00e0.<\/p>\n\n\n\n<p>La necessit\u00e0 di avere una situazione di FWB non indica necessariamente disagio emotivo, confusione o sconcerto. Potrebbe significare:<\/p>\n\n\n\n<p>Tuttavia, danno priorit\u00e0 ai propri interessi e non sono inclini a speculare su un nuovo interesse romantico.<\/p>\n\n\n\n<p>Amano i loro spazi.<\/p>\n\n\n\n<p>Cercano una vera relazione, ma non \u00e8 tipica del genere. Perch\u00e9?<\/p>\n\n\n\n<p>Molti di noi trovano questa soluzione ideale\u2026 Ma la sfida, in termini di trovare qualcuno che non solo ne sia soddisfatto, ma che desideri\u2026 Anche se pu\u00f2 sembrare un problema di poco conto, non c&#8217;\u00e8 alcun tentativo di trasformarlo in qualcosa di irriconoscibile.<\/p>\n\n\n\n<p>Non si tratta di &#8220;meno&#8221; sentimenti. Si tratta di sentimenti diversi. Puliti. Rispettosi. Veri.<\/p>\n\n\n\n<p>Lo riconosci quando lo senti, giusto?<\/p>\n\n\n\n<p>L&#8217;ho incontrato qualche mese fa e il profilo diceva che lo facevano solo per il bene comune. Presto ci siamo ritrovati a mangiare tacos insieme. Cosa \u00e8 successo dopo? Abbiamo discusso di vari argomenti, tra cui la privazione del sonno e i nostri animali domestici.'&#8221;\u2026 Nessuna pressione. Nessun discorso sul futuro. Solo presenza.<\/p>\n\n\n\n<p>Il suo messaggio di testo trasmetteva che era stato davvero piacevole. Ho accettato.<\/p>\n\n\n\n<p>Da allora ci siamo incontrati di nuovo. A volte \u00e8 per cena, ma a volte no. A volte ci sentiamo e ci salutiamo. &#8220;Buongiorno, amico&#8221;, dico. Semplice, rispettoso, onesto. Funziona.<\/p>\n\n\n\n<p>Manifesta la tua Verit\u00e0 Desiderata nello Spazio Giusto.<\/p>\n\n\n\n<p>La parte pi\u00f9 difficile? Trovare un posto dove poterti esprimere senza essere consumato da cose inutili.<\/p>\n\n\n\n<p>Alcune app lo rendono strano. A volte pu\u00f2 sembrare di essere in una relazione sessuale o che le persone stiano cercando di stuzzicare i tuoi sentimenti come se fossi tornato all&#8217;epoca vittoriana. I tentativi di comunicare la tua disponibilit\u00e0 per le relazioni amorose attraverso frasi come &#8220;Ehi, mi vanno bene le relazioni, ma non i fiori o i nomi di coppia&#8221; falliscono.<\/p>\n\n\n\n<p>C&#8217;era una community pi\u00f9 piccola, ma non si sforzava di trasformare tutto in un&#8217;applicazione Java. Questa \u00e8 stata la mia esperienza. Offre impostazioni di privacy integrate, un&#8217;atmosfera da &#8220;quartiere&#8221; che incoraggiava l&#8217;onest\u00e0 e utenti che non indicavano immediatamente &#8220;wyd&#8221; alle 22:00. Il nome aveva una &#8220;x&#8221; minuscola e non c&#8217;erano pubblicit\u00e0 aggressive.<\/p>\n\n\n\n<p>Ho continuato a usarlo. Lo faccio ancora.<\/p>\n\n\n\n<p>Esistono regole non scritte che si sono dimostrate efficaci?<\/p>\n\n\n\n<p>Non \u00e8 raro che gli accordi di amicizia tra amici siano spiacevoli. Il comportamento delle persone dovrebbe essere di buona reputazione e diventare pi\u00f9 gestibili. Sono grato per:<\/p>\n\n\n\n<p>D\u00ec quello che pensi, subito.<\/p>\n\n\n\n<p>Non sparire a met\u00e0 conversazione. Anche le conversazioni informali meritano cortesia.<\/p>\n\n\n\n<p>Prendi dei limiti e rispetta anche i loro.<\/p>\n\n\n\n<p>Rimani in sintonia. Discuti del potenziale cambiamento nei livelli di energia. Non devi fare una conversazione DTR, basta eseguire il test di base delle vibrazioni.<\/p>\n\n\n\n<p>Evita i siti a cui non vuoi essere associato e che ti fanno sentire come se fossero stati creati da un truffatore.<\/p>\n\n\n\n<p>L&#8217;ultima parola: non complicarti troppo la vita.<\/p>\n\n\n\n<p>Il rapporto con gli altri pu\u00f2 essere pulito. Va bene. O freddo. O solitario. Questa \u00e8 stata la sorpresa che mi ha accolto.<\/p>\n\n\n\n<p>Non hai bisogno di 50 match. Puoi evitare di inseguire fuochi d&#8217;artificio. Trova semplicemente qualcuno che desideri la tua stessa cosa. E usa gli strumenti giusti come XFun o Tinder.<\/p>\n","protected":false},"excerpt":{"rendered":"<p>Smettiamola di fingere. Un approccio informale come &#8220;Sto cercando qualcosa&#8221; non ti fa sentire in colpa. Non tutti sono ansiosi di co-firmare un mutuo o di litigare per Netflix. Perch\u00e9? Alcuni di noi cercano un partner che possa empatizzare con i nostri sentimenti, senza alcun obbligo. All&#8217;inizio, credevo che condividere il mio desiderio di una [&hellip;]<\/p>\n","protected":false},"author":1,"featured_media":26,"parent":0,"menu_order":0,"comment_status":"closed","ping_status":"closed","template":"","meta":{"footnotes":""},"class_list":["post-25","page","type-page","status-publish","has-post-thumbnail","hentry"],"aioseo_notices":[],"_links":{"self":[{"href":"https:\/\/www.fwbspaces.com\/index.php\/wp-json\/wp\/v2\/pages\/25","targetHints":{"allow":["GET"]}}],"collection":[{"href":"https:\/\/www.fwbspaces.com\/index.php\/wp-json\/wp\/v2\/pages"}],"about":[{"href":"https:\/\/www.fwbspaces.com\/index.php\/wp-json\/wp\/v2\/types\/page"}],"author":[{"embeddable":true,"href":"https:\/\/www.fwbspaces.com\/index.php\/wp-json\/wp\/v2\/users\/1"}],"replies":[{"embeddable":true,"href":"https:\/\/www.fwbspaces.com\/index.php\/wp-json\/wp\/v2\/comments?post=25"}],"version-history":[{"count":1,"href":"https:\/\/www.fwbspaces.com\/index.php\/wp-json\/wp\/v2\/pages\/25\/revisions"}],"predecessor-version":[{"id":27,"href":"https:\/\/www.fwbspaces.com\/index.php\/wp-json\/wp\/v2\/pages\/25\/revisions\/27"}],"wp:featuredmedia":[{"embeddable":true,"href":"https:\/\/www.fwbspaces.com\/index.php\/wp-json\/wp\/v2\/media\/26"}],"wp:attachment":[{"href":"https:\/\/www.fwbspaces.com\/index.php\/wp-json\/wp\/v2\/media?parent=25"}],"curies":[{"name":"wp","href":"https:\/\/api.w.org\/{rel}","templated":true}]}}