{"id":28,"date":"2025-07-31T08:20:34","date_gmt":"2025-07-31T08:20:34","guid":{"rendered":"https:\/\/www.fwbspaces.com\/?page_id=28"},"modified":"2025-07-31T08:20:36","modified_gmt":"2025-07-31T08:20:36","slug":"que-es-la-guia-sin-sentido-de-los-amigos-con-derechos-y-por-que-no-se-trata-solo-de-empezar","status":"publish","type":"page","link":"https:\/\/www.fwbspaces.com\/index.php\/que-es-la-guia-sin-sentido-de-los-amigos-con-derechos-y-por-que-no-se-trata-solo-de-empezar.html","title":{"rendered":"\u00bfQu\u00e9 es la gu\u00eda sin sentido de los amigos con derechos y por qu\u00e9 no se trata solo de empezar?"},"content":{"rendered":"\n<p>Dejemos de fingir. Un enfoque informal como &#8220;Busco algo&#8221; no te hace sentir culpable. No todos est\u00e1n dispuestos a firmar una hipoteca o discutir por Netflix. \u00bfPor qu\u00e9? Algunos buscamos una pareja que pueda empatizar con nuestros sentimientos, sin ninguna obligaci\u00f3n.<\/p>\n\n\n\n<p>Al principio, cre\u00eda que compartir mi deseo de una situaci\u00f3n de &#8220;amigos con derechos&#8221; causar\u00eda miedo en la gente. Por lo tanto, excluye a los inapropiados.<\/p>\n\n\n\n<p>\u00bfQu\u00e9 significa realmente &#8220;amigos con derechos&#8221;? (\u00bfCuando se hace correctamente?)<\/p>\n\n\n\n<p>\u00bfPodr\u00edas aclarar el significado de &#8220;amigos con derechos&#8221; como una opci\u00f3n secundaria? No. Para m\u00ed, se trata m\u00e1s de mirar m\u00e1s all\u00e1 del compromiso que del conflicto. Creo que eso es lo que realmente importa. En el tercer mes, saber todo sobre el acuerdo significa que no tendr\u00e1s que lidiar con actividades fantasmales, migas de pan ni expectativas poco realistas.<\/p>\n\n\n\n<p>Los entornos &#8220;informales&#8221; me han permitido demostrar m\u00e1s respeto y comunicaci\u00f3n que las relaciones formales.<\/p>\n\n\n\n<p>Un Desorden en las Citas Modernas &#8211;<\/p>\n\n\n\n<p>Hoy en d\u00eda, las citas son como un segmento de un concurso de talentos sin fin. Se trata de ser el m\u00e1s inteligente, el m\u00e1s vulnerable y d\u00f3cil, o simplemente el m\u00e1s atractivo. Las apps no son las \u00fanicas que necesitan conexi\u00f3n; en cambio, ser\u00e1 un juego donde la gente podr\u00e1 deslizar el dedo m\u00e1s r\u00e1pido mientras ve episodios repetidos.<\/p>\n\n\n\n<p>He observado un cambio en los niveles de energ\u00eda de ciertas partes de internet durante el \u00faltimo a\u00f1o. Estas personas no se esfuerzan por parecer modernas o populares seg\u00fan sus esl\u00f3ganes. Simplemente aparecen. Hablan. Comparten lo que les gusta. Sin pretensiones. Sin juicios.<\/p>\n\n\n\n<p>Algunas p\u00e1ginas web est\u00e1n reconociendo este cambio. \u00a1Vaya! No causan ninguna molestia. Crean espacios m\u00e1s deliberados y tranquilos para quienes quieren conectar. Casi como\u2026 adultos, ya sabes.<\/p>\n\n\n\n<p>El asunto en cuesti\u00f3n es tu propia voluntad.<\/p>\n\n\n\n<p>La necesidad de tener una relaci\u00f3n con amigos con derecho a roce no necesariamente indica angustia emocional, confusi\u00f3n o desconcierto. Podr\u00eda significar:<\/p>\n\n\n\n<p>Sin embargo, priorizan sus propios intereses y no se inclinan a especular sobre un nuevo inter\u00e9s rom\u00e1ntico.<\/p>\n\n\n\n<p>Les gusta su espacio.<\/p>\n\n\n\n<p>Buscan una relaci\u00f3n seria, pero no es lo t\u00edpico. \u00bfPor qu\u00e9?<\/p>\n\n\n\n<p>Muchos de nosotros consideramos que esa relaci\u00f3n es ideal\u2026 Pero el reto es encontrar a alguien que no solo est\u00e9 satisfecho con ella, sino que la desee. Aunque no parezca un asunto menor, no se intenta convertirla en algo irreconocible.<\/p>\n\n\n\n<p>No se trata de sentir &#8220;menos&#8221;. Se trata de sentir algo diferente. Limpio. Respetuoso. Real.<\/p>\n\n\n\n<p>\u00bfLo sabes cuando lo sientes?<\/p>\n\n\n\n<p>Conoc\u00ed a esta persona hace unos meses, y en el perfil dec\u00eda que solo lo hac\u00edan por el bien. Al poco rato est\u00e1bamos comiendo tacos juntos. \u00bfQu\u00e9 pas\u00f3 despu\u00e9s? Hablamos de varios temas, como la falta de sue\u00f1o y nuestras mascotas. Sin presi\u00f3n. Sin hablar del futuro. Solo presencia.<\/p>\n\n\n\n<p>Su mensaje de texto transmiti\u00f3 que fue realmente agradable. Acept\u00e9.<\/p>\n\n\n\n<p>Hemos tenido algunas reuniones m\u00e1s desde entonces. A veces es para cenar, pero a veces no. A veces, nos contactamos y nos saludamos. &#8220;Buenos d\u00edas, amigo&#8221;, le digo. Simple, respetuoso, honesto. Funciona.<\/p>\n\n\n\n<p>Manifiesta la verdad que deseas en el espacio adecuado.<\/p>\n\n\n\n<p>\u00bfLo m\u00e1s dif\u00edcil? Encontrar un espacio donde puedas expresarte y no dejarte consumir por cosas innecesarias.<\/p>\n\n\n\n<p>Algunas aplicaciones lo hacen raro. A veces, puedes sentir que est\u00e1s en una relaci\u00f3n sexual o que la gente intenta tentarte como si viviera en la \u00e9poca victoriana. Intentar transmitir tu disposici\u00f3n para las relaciones amorosas con frases como &#8220;Oye, me gustan las relaciones, pero no las flores ni los nombres de pareja&#8221; no funciona.<\/p>\n\n\n\n<p>Hab\u00eda una comunidad de apps m\u00e1s peque\u00f1a, pero no se esforzaba por convertir todo en Java. Esta fue mi experiencia. Cuenta con opciones de privacidad integradas, un ambiente de barrio que fomentaba la honestidad y usuarios que no indicaban &#8220;Juventud&#8221; inmediatamente a las 22:00 h. El nombre ten\u00eda una &#8220;x&#8221; min\u00fascula y no hab\u00eda anuncios agresivos\u2026<\/p>\n\n\n\n<p>Segu\u00ed us\u00e1ndola. Todav\u00eda lo hago.<\/p>\n\n\n\n<p>\u00bfExisten normas no escritas que hayan demostrado ser efectivas?<\/p>\n\n\n\n<p>No es raro que los acuerdos de amistad con amigos sean inc\u00f3modos. La conducta de las personas debe ser de buena conducta y se vuelven m\u00e1s manejables. Estoy agradecido por:<\/p>\n\n\n\n<p>Di lo que piensas, desde el principio.<\/p>\n\n\n\n<p>No desaparezcas a mitad de una conversaci\u00f3n. Incluso lo informal merece cortes\u00eda.<\/p>\n\n\n\n<p>Establece l\u00edmites y respeta los de ellos tambi\u00e9n.<\/p>\n\n\n\n<p>Mantente en sinton\u00eda. Habla sobre la posibilidad de un cambio en los niveles de energ\u00eda. No tienes que hacer una conversaci\u00f3n de &#8220;DTR&#8221;, simplemente realiza una comprobaci\u00f3n b\u00e1sica de la atm\u00f3sfera.<\/p>\n\n\n\n<p>Evita sitios con los que no quieras que te asocien y que te hagan sentir como si fueran creados por un estafador.<\/p>\n\n\n\n<p>En definitiva: No lo compliques demasiado.<\/p>\n\n\n\n<p>El FWB puede ser limpio. No pasa nada. O fr\u00edo. O solitario. Esa fue mi sorpresa.<\/p>\n\n\n\n<p>No necesitas 50 matches. Puedes evitar buscar fuegos artificiales. Simplemente encuentra a alguien que quiera lo mismo. Y usa las herramientas adecuadas como <a href=\"http:\/\/www.xpalapp.com\" title=\"\">XFun<\/a> o Tinder.<\/p>\n\n\n\n<p><\/p>\n","protected":false},"excerpt":{"rendered":"<p>Dejemos de fingir. Un enfoque informal como &#8220;Busco algo&#8221; no te hace sentir culpable. No todos est\u00e1n dispuestos a firmar una hipoteca o discutir por Netflix. \u00bfPor qu\u00e9? Algunos buscamos una pareja que pueda empatizar con nuestros sentimientos, sin ninguna obligaci\u00f3n. Al principio, cre\u00eda que compartir mi deseo de una situaci\u00f3n de &#8220;amigos con derechos&#8221; [&hellip;]<\/p>\n","protected":false},"author":1,"featured_media":29,"parent":0,"menu_order":0,"comment_status":"closed","ping_status":"closed","template":"","meta":{"footnotes":""},"class_list":["post-28","page","type-page","status-publish","has-post-thumbnail","hentry"],"aioseo_notices":[],"_links":{"self":[{"href":"https:\/\/www.fwbspaces.com\/index.php\/wp-json\/wp\/v2\/pages\/28","targetHints":{"allow":["GET"]}}],"collection":[{"href":"https:\/\/www.fwbspaces.com\/index.php\/wp-json\/wp\/v2\/pages"}],"about":[{"href":"https:\/\/www.fwbspaces.com\/index.php\/wp-json\/wp\/v2\/types\/page"}],"author":[{"embeddable":true,"href":"https:\/\/www.fwbspaces.com\/index.php\/wp-json\/wp\/v2\/users\/1"}],"replies":[{"embeddable":true,"href":"https:\/\/www.fwbspaces.com\/index.php\/wp-json\/wp\/v2\/comments?post=28"}],"version-history":[{"count":1,"href":"https:\/\/www.fwbspaces.com\/index.php\/wp-json\/wp\/v2\/pages\/28\/revisions"}],"predecessor-version":[{"id":30,"href":"https:\/\/www.fwbspaces.com\/index.php\/wp-json\/wp\/v2\/pages\/28\/revisions\/30"}],"wp:featuredmedia":[{"embeddable":true,"href":"https:\/\/www.fwbspaces.com\/index.php\/wp-json\/wp\/v2\/media\/29"}],"wp:attachment":[{"href":"https:\/\/www.fwbspaces.com\/index.php\/wp-json\/wp\/v2\/media?parent=28"}],"curies":[{"name":"wp","href":"https:\/\/api.w.org\/{rel}","templated":true}]}}