{"id":34,"date":"2025-07-31T08:27:23","date_gmt":"2025-07-31T08:27:23","guid":{"rendered":"https:\/\/www.fwbspaces.com\/?page_id=34"},"modified":"2025-07-31T08:27:53","modified_gmt":"2025-07-31T08:27:53","slug":"qual-e-o-guia-sem-sentido-do-fwb-e-porque-nao-se-trata-apenas-de-comecar","status":"publish","type":"page","link":"https:\/\/www.fwbspaces.com\/index.php\/qual-e-o-guia-sem-sentido-do-fwb-e-porque-nao-se-trata-apenas-de-comecar.html","title":{"rendered":"Qual \u00e9 o guia sem sentido do FWB e porque n\u00e3o se trata apenas de come\u00e7ar?"},"content":{"rendered":"\n<p>Vamos parar de fingir. Uma abordagem casual como &#8220;Estou \u00e0 procura de algo&#8221; n\u00e3o o faz sentir culpado. Nem toda a gente est\u00e1 disposta a assinar uma hipoteca ou a discutir sobre a Netflix. Por qu\u00ea? Alguns de n\u00f3s procuram um parceiro que se possa identificar com os nossos sentimentos, sem qualquer obriga\u00e7\u00e3o.<\/p>\n\n\n\n<p>No in\u00edcio, acreditava que partilhar o meu desejo por uma situa\u00e7\u00e3o de &#8220;amigos coloridos&#8221; causaria medo nas pessoas. Por isso, excluo os inadequados.<\/p>\n\n\n\n<p>O que significa realmente FWB? Quando feito corretamente.)<\/p>\n\n\n\n<p>Poderia esclarecer o significado de FWB como escolha secund\u00e1ria? N\u00e3o. Para mim, \u00e9 mais uma quest\u00e3o de olhar para al\u00e9m do compromisso do que para o conflito. Acho que \u00e9 isso que realmente importa. No terceiro m\u00eas, saber tudo sobre o acordo significa que n\u00e3o ter\u00e1 de lidar com atividades fantasmag\u00f3ricas, migalhas de p\u00e3o e expectativas irreais.<\/p>\n\n\n\n<p>Ambientes &#8220;casuais&#8221; permitiram-me demonstrar mais respeito e comunica\u00e7\u00e3o do que rela\u00e7\u00f5es completas.<\/p>\n\n\n\n<p>Uma Confus\u00e3o Moderna nos Encontros &#8211;<\/p>\n\n\n\n<p>Namorar \u00e9 atualmente como um segmento de um espet\u00e1culo de talentos sem fim. Trata-se de ser o mais inteligente, o mais vulner\u00e1vel, mas d\u00f3cil, ou simplesmente o mais simp\u00e1tico e atraente. As aplica\u00e7\u00f5es n\u00e3o s\u00e3o as \u00fanicas que precisam de conex\u00e3o; em vez disso, ser\u00e1 um jogo em que as pessoas podem deslizar mais rapidamente enquanto assistem a epis\u00f3dios repetidos.<\/p>\n\n\n\n<p>Tenho observado uma mudan\u00e7a nos n\u00edveis de energia de certas partes da internet no \u00faltimo ano. Estas pessoas n\u00e3o est\u00e3o a esfor\u00e7ar-se para parecerem elegantes ou populares com base nos seus slogans. Elas est\u00e3o apenas a aparecer. Conversando. Partilhando o que gostam. Sem performance. Sem julgamento.<\/p>\n\n\n\n<p>Certos sites est\u00e3o a reconhecer esta mudan\u00e7a. Uau! N\u00e3o est\u00e3o a causar nenhum inconveniente. Criando espa\u00e7os mais deliberados e tranquilos para aqueles que se querem conectar. Quase como\u2026 adultos, sabem?<\/p>\n\n\n\n<p>A quest\u00e3o em causa \u00e9 a sua pr\u00f3pria vontade.<\/p>\n\n\n\n<p>A necessidade de ter uma situa\u00e7\u00e3o de amizade colorida n\u00e3o indica necessariamente sofrimento emocional, confus\u00e3o ou perplexidade. Pode significar:<\/p>\n\n\n\n<p>No entanto, priorizam os seus pr\u00f3prios interesses e n\u00e3o est\u00e3o inclinados a especular sobre um novo interesse rom\u00e2ntico.<\/p>\n\n\n\n<p>Gostam do seu espa\u00e7o.<\/p>\n\n\n\n<p>Procuram um relacionamento de verdade, mas n\u00e3o \u00e9 t\u00edpico deste tipo. Por qu\u00ea?<\/p>\n\n\n\n<p>Muitos de n\u00f3s achamos este arranjo ideal\u2026 Mas o desafio, em termos de encontrar algu\u00e9m que n\u00e3o s\u00f3 esteja satisfeito com ele, mas que o queira fazer\u2026 Embora possa n\u00e3o parecer um problema menor, n\u00e3o h\u00e1 qualquer tentativa de o transformar em algo irreconhec\u00edvel.<\/p>\n\n\n\n<p>N\u00e3o se trata de &#8220;menos&#8221; sentimento. Trata-se de um sentimento diferente. Limpo. Respeitoso. Real.<\/p>\n\n\n\n<p>Sabe quando sente, certo?<\/p>\n\n\n\n<p>Conheci esse algu\u00e9m h\u00e1 uns meses, e o perfil dizia que o estavam a fazer apenas por uma quest\u00e3o de bem. Logo est\u00e1vamos a comer tacos juntos. O que aconteceu depois? Discutimos v\u00e1rios assuntos, incluindo a priva\u00e7\u00e3o de sono e os nossos animais de estima\u00e7\u00e3o.'&#8221;\u2026 Sem press\u00e3o. Sem conversas sobre o futuro. Apenas presen\u00e7a.<\/p>\n\n\n\n<p>A mensagem de texto dela transmitiu que, na verdade, foi agrad\u00e1vel. Eu concordei. &#8220;<\/p>\n\n\n\n<p>Tivemos mais alguns encontros desde ent\u00e3o. \u00c0s vezes \u00e9 para jantar, mas outras n\u00e3o. Por vezes entramos em contacto e dizemos ol\u00e1. &#8220;Bom dia, amigo&#8221;, digo eu. Simples, respeitador, honesto. Funciona.<\/p>\n\n\n\n<p>Manifeste a Verdade que Deseja no Espa\u00e7o Adequado.<\/p>\n\n\n\n<p>A parte mais dif\u00edcil? Descobrir um lugar onde se possa expressar e n\u00e3o ser consumido por coisas desnecess\u00e1rias.<\/p>\n\n\n\n<p>Alguns aplicativos tornam isso estranho. Por vezes, pode parecer que est\u00e1 numa rela\u00e7\u00e3o sexual ou que as pessoas est\u00e3o a tentar seduzir os seus sentimentos como se fosse na \u00e9poca vitoriana. As tentativas de demonstrar a sua disposi\u00e7\u00e3o para rela\u00e7\u00f5es amorosas com frases como &#8220;Ei, eu gosto de rela\u00e7\u00f5es, mas n\u00e3o de flores ou nomes de casal&#8221; n\u00e3o resultam.<\/p>\n\n\n\n<p>Havia uma comunidade mais pequena de aplica\u00e7\u00f5es, mas n\u00e3o se esfor\u00e7ava para transformar tudo essencialmente em Java. Esta foi a minha experi\u00eancia. Apresentava defini\u00e7\u00f5es de privacidade integradas, uma atmosfera de &#8220;bairro&#8221; que incentivava a honestidade e os utilizadores que n\u00e3o indicavam &#8220;wyd&#8221; imediatamente \u00e0s 22h. O nome tinha um &#8220;x&#8221; min\u00fasculo e n\u00e3o havia an\u00fancios publicit\u00e1rios agressivos.<\/p>\n\n\n\n<p>Continuei a usar. Ainda uso.<\/p>\n\n\n\n<p>Existem regras n\u00e3o escritas que se tenham mostrado eficazes?<\/p>\n\n\n\n<p>N\u00e3o \u00e9 incomum que os acordos de FWB sejam desconfort\u00e1veis. A conduta das pessoas deve ser de bom car\u00e1cter, e tornam-se mais control\u00e1veis. Estou grato por:<\/p>\n\n\n\n<p>Diga o que quer dizer logo no in\u00edcio.<\/p>\n\n\n\n<p>N\u00e3o desapare\u00e7a a meio da conversa. At\u00e9 as pessoas casuais merecem cortesia.<\/p>\n\n\n\n<p>Estabele\u00e7a limites \u2014 e respeite tamb\u00e9m os deles.<\/p>\n\n\n\n<p>Mantenha-se em sintonia. Discuta o potencial para uma altera\u00e7\u00e3o dos n\u00edveis de energia. N\u00e3o precisa de fazer uma palestra de DTR, basta fazer uma verifica\u00e7\u00e3o b\u00e1sica de clima.<\/p>\n\n\n\n<p>Evite sites com os quais n\u00e3o quer estar associado e que pare\u00e7am ter sido criados por um burl\u00e3o.<\/p>\n\n\n\n<p>A palavra final: n\u00e3o complique demasiado.<\/p>\n\n\n\n<p>O FWB pode ser limpo. Tudo bem. Ou frio. Ou solit\u00e1rio. Foi essa a surpresa com que me deparei.<\/p>\n\n\n\n<p>N\u00e3o precisa de 50 matches. Pode evitar correr atr\u00e1s de fogos de artif\u00edcio. Basta encontrar algu\u00e9m que queira o mesmo. E utilize as ferramentas certas, como o <a href=\"https:\/\/www.xpalapp.com\/\" title=\"\">XFun<\/a> ou o Tinder.<\/p>\n","protected":false},"excerpt":{"rendered":"<p>Vamos parar de fingir. Uma abordagem casual como &#8220;Estou \u00e0 procura de algo&#8221; n\u00e3o o faz sentir culpado. Nem toda a gente est\u00e1 disposta a assinar uma hipoteca ou a discutir sobre a Netflix. Por qu\u00ea? Alguns de n\u00f3s procuram um parceiro que se possa identificar com os nossos sentimentos, sem qualquer obriga\u00e7\u00e3o. No in\u00edcio, [&hellip;]<\/p>\n","protected":false},"author":1,"featured_media":35,"parent":0,"menu_order":0,"comment_status":"closed","ping_status":"closed","template":"","meta":{"footnotes":""},"class_list":["post-34","page","type-page","status-publish","has-post-thumbnail","hentry"],"aioseo_notices":[],"_links":{"self":[{"href":"https:\/\/www.fwbspaces.com\/index.php\/wp-json\/wp\/v2\/pages\/34","targetHints":{"allow":["GET"]}}],"collection":[{"href":"https:\/\/www.fwbspaces.com\/index.php\/wp-json\/wp\/v2\/pages"}],"about":[{"href":"https:\/\/www.fwbspaces.com\/index.php\/wp-json\/wp\/v2\/types\/page"}],"author":[{"embeddable":true,"href":"https:\/\/www.fwbspaces.com\/index.php\/wp-json\/wp\/v2\/users\/1"}],"replies":[{"embeddable":true,"href":"https:\/\/www.fwbspaces.com\/index.php\/wp-json\/wp\/v2\/comments?post=34"}],"version-history":[{"count":1,"href":"https:\/\/www.fwbspaces.com\/index.php\/wp-json\/wp\/v2\/pages\/34\/revisions"}],"predecessor-version":[{"id":36,"href":"https:\/\/www.fwbspaces.com\/index.php\/wp-json\/wp\/v2\/pages\/34\/revisions\/36"}],"wp:featuredmedia":[{"embeddable":true,"href":"https:\/\/www.fwbspaces.com\/index.php\/wp-json\/wp\/v2\/media\/35"}],"wp:attachment":[{"href":"https:\/\/www.fwbspaces.com\/index.php\/wp-json\/wp\/v2\/media?parent=34"}],"curies":[{"name":"wp","href":"https:\/\/api.w.org\/{rel}","templated":true}]}}