{"id":37,"date":"2025-07-31T08:33:51","date_gmt":"2025-07-31T08:33:51","guid":{"rendered":"https:\/\/www.fwbspaces.com\/?page_id=37"},"modified":"2025-07-31T08:33:53","modified_gmt":"2025-07-31T08:33:53","slug":"quel-est-le-guide-futile-de-lamitie-et-pourquoi-ne-suffit-il-pas-de-commencer","status":"publish","type":"page","link":"https:\/\/www.fwbspaces.com\/index.php\/quel-est-le-guide-futile-de-lamitie-et-pourquoi-ne-suffit-il-pas-de-commencer.html","title":{"rendered":"Quel est le guide futile de l&#8217;amiti\u00e9 et pourquoi ne suffit-il pas de commencer\u00a0?"},"content":{"rendered":"\n<p>Arr\u00eatons de faire semblant. Une approche d\u00e9contract\u00e9e du type \u00ab&nbsp;Je cherche quelque chose&nbsp;\u00bb ne culpabilise pas. Tout le monde n&#8217;est pas enthousiaste \u00e0 l&#8217;id\u00e9e de cosigner un pr\u00eat immobilier ou de se disputer \u00e0 propos de Netflix. Pourquoi&nbsp;? Certains d&#8217;entre nous recherchent un partenaire capable de comprendre nos sentiments, sans aucune obligation.<\/p>\n\n\n\n<p>Au d\u00e9but, je pensais que partager mon d\u00e9sir d&#8217;une relation \u00ab&nbsp;amis avec avantages&nbsp;\u00bb effrayerait les autres. Cela exclut donc les situations inappropri\u00e9es.<\/p>\n\n\n\n<p>Que signifie r\u00e9ellement l&#8217;amiti\u00e9&nbsp;? Lorsqu&#8217;elle est bien faite.<\/p>\n\n\n\n<p>Pourriez-vous clarifier la signification de l&#8217;amiti\u00e9 comme choix secondaire&nbsp;? Non. Pour moi, il s&#8217;agit davantage de regarder au-del\u00e0 de l&#8217;engagement que du conflit. Je pense que c&#8217;est ce qui compte vraiment. Au troisi\u00e8me mois, conna\u00eetre l&#8217;int\u00e9gralit\u00e9 de l&#8217;accord vous \u00e9vitera d&#8217;avoir \u00e0 g\u00e9rer des activit\u00e9s fantomatiques, des miettes de pain et des attentes irr\u00e9alistes.<\/p>\n\n\n\n<p>Les situations \u00ab&nbsp;d\u00e9contract\u00e9es&nbsp;\u00bb m&#8217;ont permis de faire preuve de plus de respect et de communication que les relations \u00e0 part enti\u00e8re.<\/p>\n\n\n\n<p>Le chaos des rencontres modernes &#8211;<\/p>\n\n\n\n<p>Les rencontres amoureuses ressemblent aujourd&#8217;hui \u00e0 une partie d&#8217;un concours de talents sans fin. Il s&#8217;agit d&#8217;\u00eatre le plus intelligent, le plus vuln\u00e9rable et pourtant le plus docile, ou tout simplement le plus beau et le plus sexy. Les applications ne sont pas les seules \u00e0 avoir besoin de connexion&nbsp;; ce sera un jeu o\u00f9 les gens pourront swiper plus rapidement tout en regardant des \u00e9pisodes r\u00e9p\u00e9t\u00e9s.<\/p>\n\n\n\n<p>J&#8217;ai observ\u00e9 un changement dans le niveau d&#8217;\u00e9nergie de certains segments d&#8217;Internet au cours de l&#8217;ann\u00e9e \u00e9coul\u00e9e. Ces personnes ne cherchent pas \u00e0 para\u00eetre \u00e0 la mode ou populaires gr\u00e2ce \u00e0 leurs slogans. Elles se contentent d&#8217;\u00eatre pr\u00e9sentes. Elles parlent. Elles partagent leurs passions. Sans performance. Sans jugement.<\/p>\n\n\n\n<p>Certains sites web reconnaissent ce changement. Ouf&nbsp;! Ils ne causent aucun d\u00e9sagr\u00e9ment. Ils cr\u00e9ent des espaces plus r\u00e9fl\u00e9chis et plus calmes pour ceux qui souhaitent \u00eatre connect\u00e9s. Presque comme\u2026 des adultes, vous savez.<\/p>\n\n\n\n<p>La question est entre vos mains.<\/p>\n\n\n\n<p>Le besoin d&#8217;une situation de FWB n&#8217;est pas n\u00e9cessairement un signe de d\u00e9tresse \u00e9motionnelle, de confusion ou de d\u00e9sarroi. Cela pourrait signifier&nbsp;:<\/p>\n\n\n\n<p>N\u00e9anmoins, ils privil\u00e9gient leurs propres int\u00e9r\u00eats et ne sont pas enclins \u00e0 sp\u00e9culer sur une nouvelle relation amoureuse.<\/p>\n\n\n\n<p>Ils aiment leur espace.<\/p>\n\n\n\n<p>Ils recherchent une vraie relation, mais ce n&#8217;est pas typique du genre. Pourquoi&nbsp;?<\/p>\n\n\n\n<p>Nombre d&#8217;entre nous trouvent cet arrangement id\u00e9al\u2026 Mais le d\u00e9fi, c&#8217;est de trouver quelqu&#8217;un qui soit non seulement satisfait, mais qui ait envie. M\u00eame si cela peut sembler anodin, personne ne cherche \u00e0 le rendre m\u00e9connaissable.<\/p>\n\n\n\n<p>Il ne s&#8217;agit pas de \u00ab&nbsp;moins&nbsp;\u00bb de sentiments. Il s&#8217;agit de sentiments diff\u00e9rents. Purs. Respectueux. Authentiques.<\/p>\n\n\n\n<p>On le sait quand on le ressent, n&#8217;est-ce pas&nbsp;?<\/p>\n\n\n\n<p>Je l&#8217;ai rencontr\u00e9 il y a quelques mois, et le profil disait qu&#8217;ils le faisaient juste pour le bien. Peu apr\u00e8s, on mangeait des tacos ensemble. Que s&#8217;est-il pass\u00e9 ensuite&nbsp;? Nous avons discut\u00e9 de divers sujets, dont le manque de sommeil et nos animaux de compagnie. \u00ab&nbsp;\u2026 Pas de pression. Pas de discussion \u00e0 venir. Juste de la pr\u00e9sence.&nbsp;\u00bb<\/p>\n\n\n\n<p>Son SMS laissait entendre que c&#8217;\u00e9tait vraiment agr\u00e9able. J&#8217;ai accept\u00e9.<\/p>\n\n\n\n<p>Depuis, nous nous sommes revus \u00e0 plusieurs reprises. Parfois, c&#8217;\u00e9tait pour d\u00eener, mais parfois non. Parfois, nous nous contactons et nous saluons. \u00ab&nbsp;Bonjour, mon pote&nbsp;\u00bb, dis-je. Simple, respectueux, honn\u00eate. \u00c7a marche.<\/p>\n\n\n\n<p>Manifestez la v\u00e9rit\u00e9 que vous d\u00e9sirez dans l&#8217;espace appropri\u00e9.<\/p>\n\n\n\n<p>Le plus difficile&nbsp;? Trouver un espace o\u00f9 vous pouvez vous exprimer sans vous laisser envahir par des choses inutiles.<\/p>\n\n\n\n<p>Certaines applications rendent les choses \u00e9tranges. Parfois, on a l&#8217;impression d&#8217;\u00eatre dans une relation sexuelle ou que les gens essaient de vous titiller comme si c&#8217;\u00e9tait \u00e0 l&#8217;\u00e9poque victorienne. Tenter de montrer que vous \u00eates pr\u00eat pour une relation amoureuse avec des phrases comme&nbsp;: \u00ab&nbsp;H\u00e9, je suis d&#8217;accord avec les relations amoureuses, mais pas avec les fleurs ou les noms de couple&nbsp;\u00bb est un \u00e9chec.<\/p>\n\n\n\n<p>Il existait une communaut\u00e9 d&#8217;applications plus restreinte, mais elle ne faisait aucun effort pour tout transformer en Java. Voici mon exp\u00e9rience. Elle propose des param\u00e8tres de confidentialit\u00e9 int\u00e9gr\u00e9s, une ambiance de quartier qui encourageait l&#8217;honn\u00eatet\u00e9 et des utilisateurs qui n&#8217;indiquaient pas imm\u00e9diatement \u00ab&nbsp;wyd&nbsp;\u00bb \u00e0 22&nbsp;h&nbsp;00&nbsp;heure du matin. Le nom comportait un \u00ab&nbsp;x&nbsp;\u00bb minuscule et il n&#8217;y avait pas de publicit\u00e9s agressives.<\/p>\n\n\n\n<p>J&#8217;ai continu\u00e9 \u00e0 l&#8217;utiliser. Je l&#8217;utilise toujours.<\/p>\n\n\n\n<p>Existe-t-il des r\u00e8gles tacites qui ont fait leurs preuves&nbsp;?<\/p>\n\n\n\n<p>Il n&#8217;est pas rare que les accords FWB soient inconfortables. La bonne conduite des personnes doit \u00eatre exemplaire, et elles deviennent plus faciles \u00e0 g\u00e9rer. Je suis reconnaissant pour&nbsp;:<\/p>\n\n\n\n<p>Dites ce que vous pensez, t\u00f4t.<\/p>\n\n\n\n<p>Ne disparaissez pas au milieu d&#8217;une conversation. M\u00eame une conversation informelle m\u00e9rite la courtoisie.<\/p>\n\n\n\n<p>Fixez des limites et respectez les leurs.<\/p>\n\n\n\n<p>Soyez \u00e0 l&#8217;\u00e9coute. Discutez du potentiel d&#8217;un changement d&#8217;\u00e9nergie. Vous n&#8217;\u00eates pas oblig\u00e9 de faire une discussion DTR, effectuez simplement un test d&#8217;ambiance de base.<\/p>\n\n\n\n<p>\u00c9vitez les sites auxquels vous ne souhaitez pas \u00eatre associ\u00e9 et qui donnent l&#8217;impression qu&#8217;ils ont \u00e9t\u00e9 con\u00e7us par un escroc.<\/p>\n\n\n\n<p>Le mot de la fin&nbsp;: ne compliquez pas les choses.<\/p>\n\n\n\n<p>Le profil peut \u00eatre simple. C&#8217;est bien. Ou froid. Ou solitaire. C&#8217;est la surprise qui m&#8217;a accueilli.<\/p>\n\n\n\n<p>Pas besoin de 50\u00a0matchs. \u00c9vitez de courir apr\u00e8s les artifices. Trouvez simplement quelqu&#8217;un qui a les m\u00eames envies. Et utilisez les bons outils comme <em><a href=\"https:\/\/www.xpalapp.com\/\" title=\"\">XFun<\/a><\/em> ou Tinder.<\/p>\n\n\n\n<p><\/p>\n","protected":false},"excerpt":{"rendered":"<p>Arr\u00eatons de faire semblant. Une approche d\u00e9contract\u00e9e du type \u00ab&nbsp;Je cherche quelque chose&nbsp;\u00bb ne culpabilise pas. Tout le monde n&#8217;est pas enthousiaste \u00e0 l&#8217;id\u00e9e de cosigner un pr\u00eat immobilier ou de se disputer \u00e0 propos de Netflix. Pourquoi&nbsp;? Certains d&#8217;entre nous recherchent un partenaire capable de comprendre nos sentiments, sans aucune obligation. Au d\u00e9but, je [&hellip;]<\/p>\n","protected":false},"author":1,"featured_media":38,"parent":0,"menu_order":0,"comment_status":"closed","ping_status":"closed","template":"","meta":{"footnotes":""},"class_list":["post-37","page","type-page","status-publish","has-post-thumbnail","hentry"],"aioseo_notices":[],"_links":{"self":[{"href":"https:\/\/www.fwbspaces.com\/index.php\/wp-json\/wp\/v2\/pages\/37","targetHints":{"allow":["GET"]}}],"collection":[{"href":"https:\/\/www.fwbspaces.com\/index.php\/wp-json\/wp\/v2\/pages"}],"about":[{"href":"https:\/\/www.fwbspaces.com\/index.php\/wp-json\/wp\/v2\/types\/page"}],"author":[{"embeddable":true,"href":"https:\/\/www.fwbspaces.com\/index.php\/wp-json\/wp\/v2\/users\/1"}],"replies":[{"embeddable":true,"href":"https:\/\/www.fwbspaces.com\/index.php\/wp-json\/wp\/v2\/comments?post=37"}],"version-history":[{"count":1,"href":"https:\/\/www.fwbspaces.com\/index.php\/wp-json\/wp\/v2\/pages\/37\/revisions"}],"predecessor-version":[{"id":39,"href":"https:\/\/www.fwbspaces.com\/index.php\/wp-json\/wp\/v2\/pages\/37\/revisions\/39"}],"wp:featuredmedia":[{"embeddable":true,"href":"https:\/\/www.fwbspaces.com\/index.php\/wp-json\/wp\/v2\/media\/38"}],"wp:attachment":[{"href":"https:\/\/www.fwbspaces.com\/index.php\/wp-json\/wp\/v2\/media?parent=37"}],"curies":[{"name":"wp","href":"https:\/\/api.w.org\/{rel}","templated":true}]}}