{"id":43,"date":"2025-07-31T08:38:36","date_gmt":"2025-07-31T08:38:36","guid":{"rendered":"https:\/\/www.fwbspaces.com\/?page_id=43"},"modified":"2025-07-31T08:38:38","modified_gmt":"2025-07-31T08:38:38","slug":"was-ist-der-bedeutungslose-leitfaden-fur-freundschaft-plus-und-warum-geht-es-nicht-einfach-nur-darum-anzufangen","status":"publish","type":"page","link":"https:\/\/www.fwbspaces.com\/index.php\/was-ist-der-bedeutungslose-leitfaden-fur-freundschaft-plus-und-warum-geht-es-nicht-einfach-nur-darum-anzufangen.html","title":{"rendered":"Was ist der bedeutungslose Leitfaden f\u00fcr Freundschaft Plus und warum geht es nicht einfach nur darum, anzufangen?"},"content":{"rendered":"\n<p>H\u00f6ren wir auf, uns etwas vorzumachen. Ein lockerer Ansatz wie \u201eIch suche etwas\u201c l\u00f6st kein schlechtes Gewissen aus. Nicht jeder ist begierig darauf, eine Hypothek mitzuunterschreiben oder sich \u00fcber Netflix zu streiten. Warum? Manche von uns suchen einen Partner, der unsere Gef\u00fchle nachempfinden kann, ohne dass es irgendwelche Verpflichtungen gibt.<\/p>\n\n\n\n<p>Anfangs dachte ich, dass das Teilen meines Wunsches nach einer Freundschaft Plus Angst ausl\u00f6sen w\u00fcrde. Daher schlie\u00dfe ich die unangemessenen aus.<\/p>\n\n\n\n<p>Was bedeutet Freundschaft Plus eigentlich? Wenn man es richtig macht.<\/p>\n\n\n\n<p>K\u00f6nnten Sie die Bedeutung von Freundschaft Plus als sekund\u00e4re Option erl\u00e4utern? Nein. F\u00fcr mich geht es mehr darum, \u00fcber die Bindung hinauszublicken als \u00fcber den Konflikt. Ich denke, das ist es, was wirklich z\u00e4hlt. Wenn man im dritten Monat alles \u00fcber die Vereinbarung wei\u00df, muss man sich nicht mit Geisterbildern, unaufrichtigen Informationen und unrealistischen Erwartungen herumschlagen.<\/p>\n\n\n\n<p>In lockeren Situationen konnte ich mehr Respekt und Kommunikation zeigen als in festen Beziehungen.<\/p>\n\n\n\n<p>Modernes Dating-Chaos \u2013<\/p>\n\n\n\n<p>Dating gleicht heutzutage einem endlosen Talentwettbewerb. Es geht darum, der Kl\u00fcgste, der Verletzlichste und dennoch f\u00fcgsamste oder einfach nur nett und hei\u00df zu sein. Nicht nur Apps brauchen Kontakt, sondern es wird zu einem Spiel, bei dem man schneller swipen und sich immer wieder Folgen ansehen kann.<\/p>\n\n\n\n<p>Ich habe im letzten Jahr eine Ver\u00e4nderung im Energielevel bestimmter Bereiche des Internets beobachtet. Diese Leute streben nicht danach, aufgrund ihrer Slogans modisch oder beliebt zu wirken. Sie tauchen einfach auf. Reden. Teilen, worauf sie stehen. Keine Performance. Keine Wertung.<\/p>\n\n\n\n<p>Bestimmte Websites erkennen diesen Wandel. Huch! Sie verursachen keine Unannehmlichkeiten. Sie schaffen bewusstere und ruhigere R\u00e4ume f\u00fcr diejenigen, die Kontakt suchen. Fast wie \u2026 Erwachsene, versteht ihr?<\/p>\n\n\n\n<p>Es geht um euren eigenen Willen.<\/p>\n\n\n\n<p>Das Bed\u00fcrfnis nach einer Freundschaft Plus bedeutet nicht unbedingt emotionale Belastung, Verwirrung oder Ratlosigkeit. Es k\u00f6nnte bedeuten:<\/p>\n\n\n\n<p>Trotzdem stellen sie ihre eigenen Interessen in den Vordergrund und spekulieren nicht gern \u00fcber eine neue romantische Beziehung.<\/p>\n\n\n\n<p>Sie m\u00f6gen ihren Freiraum.<\/p>\n\n\n\n<p>Sie suchen eine echte Beziehung, aber das ist nicht typisch f\u00fcr diesen Typ. Warum?<\/p>\n\n\n\n<p>Viele von uns finden diese Konstellation ideal\u2026. Aber die Herausforderung besteht darin, jemanden zu finden, der damit nicht nur zufrieden ist, sondern sie auch will. Auch wenn es nicht wie ein kleines Problem erscheinen mag, wird nicht versucht, es in etwas Unkenntliches zu verwandeln.<\/p>\n\n\n\n<p>Es geht nicht um \u201eweniger\u201c Gef\u00fchle. Es geht um andere Gef\u00fchle. Sauber. Respektvoll. Echt.<\/p>\n\n\n\n<p>Du wei\u00dft es, wenn du es f\u00fchlst, oder?<\/p>\n\n\n\n<p>Ich habe sie vor ein paar Monaten kennengelernt, und im Profil stand, dass sie es nur aus gutem Grund tun. Bald a\u00dfen wir zusammen Tacos. Was geschah dann? Wir haben \u00fcber verschiedene Themen gesprochen, darunter Schlafmangel und unsere Haustiere.\u2018\u201c \u2026 Kein Druck. Keine Zukunftsgespr\u00e4che. Nur Anwesenheit.<\/p>\n\n\n\n<p>Ihre SMS vermittelte, dass es tats\u00e4chlich Spa\u00df gemacht hat. Ich war einverstanden.<\/p>\n\n\n\n<p>Seitdem haben wir uns noch ein paar Mal getroffen. Manchmal zum Abendessen, manchmal aber auch nicht. Manchmal melden wir uns und sagen Hallo. \u201eGuten Tag, Kumpel\u201c, sage ich. Einfach, respektvoll, ehrlich. Es funktioniert.<\/p>\n\n\n\n<p>Manifestiere deine gew\u00fcnschte Wahrheit im richtigen Raum.<\/p>\n\n\n\n<p>Das Schwierigste? Einen Ort zu finden, an dem du dich ausdr\u00fccken kannst und nicht von unn\u00f6tigen Dingen aufgefressen wirst.<\/p>\n\n\n\n<p>Manche Apps machen es seltsam. Manchmal f\u00fchlt es sich an, als w\u00e4re man in einer sexuellen Beziehung, oder die Leute versuchen, deine Gef\u00fchle zu erregen, als w\u00e4re man zur\u00fcck in der viktorianischen Zeit. Versuche, deine Bereitschaft f\u00fcr eine Liebesbeziehung mit S\u00e4tzen wie \u201eHey, ich bin cool mit Beziehungen, aber nicht mit Blumen oder Paarnamen\u201c zu vermitteln, greifen zu kurz.<\/p>\n\n\n\n<p>Es gab eine kleinere App-Community, aber sie hat sich nicht bem\u00fcht, alles im Wesentlichen in Java zu verwandeln. Das war meine Erfahrung. Es verf\u00fcgt \u00fcber integrierte Datenschutzeinstellungen, eine \u201eHood\u201c-Atmosph\u00e4re, die Ehrlichkeit f\u00f6rderte, und Nutzer, die nicht sofort um 22:00 Uhr morgens \u201ewyd\u201c anzeigten. Der Name hatte ein kleines \u201ex\u201c und es gab keine aggressiven Werbespots. \u2026<\/p>\n\n\n\n<p>Ich habe es weiter benutzt. Tue ich immer noch.<\/p>\n\n\n\n<p>Gibt es ungeschriebene Regeln, die sich als wirksam erwiesen haben?<\/p>\n\n\n\n<p>Es ist nicht ungew\u00f6hnlich, dass Freundschaften mit gewissen Vorz\u00fcgen unangenehm sind. Menschen sollten sich charakterlich gut verhalten, und dann werden sie leichter zu handhaben. Ich bin dankbar f\u00fcr:<\/p>\n\n\n\n<p>Sag fr\u00fchzeitig, was du meinst.<\/p>\n\n\n\n<p>Verschwinde nicht mitten im Gespr\u00e4ch. Auch lockere Gespr\u00e4che verdienen H\u00f6flichkeit.<\/p>\n\n\n\n<p>Setze Grenzen \u2013 und respektiere auch die anderer.<\/p>\n\n\n\n<p>Bleib im Einklang. Besprich die M\u00f6glichkeit einer Ver\u00e4nderung des Energieniveaus. Du musst kein DTR-Gespr\u00e4ch f\u00fchren, f\u00fchre einfach den grundlegenden Stimmungscheck durch.<\/p>\n\n\n\n<p>Meide Seiten, mit denen du nicht in Verbindung gebracht werden willst und die dir das Gef\u00fchl geben, von einem Betr\u00fcger erstellt worden zu sein.<\/p>\n\n\n\n<p>Mein Fazit: Mach es nicht zu kompliziert.<\/p>\n\n\n\n<p>Eine Freundschaft Plus kann seri\u00f6s sein. Das ist okay. Oder kalt. Oder einsam. Das war meine \u00dcberraschung.<\/p>\n\n\n\n<p>Du brauchst keine 50 Matches. Du kannst es vermeiden, hinter Feuerwerksk\u00f6rpern herzujagen. Finde einfach jemanden, der dasselbe will. Und nutze die richtigen Tools wie <a href=\"https:\/\/www.xpalapp.com\/\" title=\"\">XFun<\/a> oder Tinder.<\/p>\n","protected":false},"excerpt":{"rendered":"<p>H\u00f6ren wir auf, uns etwas vorzumachen. Ein lockerer Ansatz wie \u201eIch suche etwas\u201c l\u00f6st kein schlechtes Gewissen aus. Nicht jeder ist begierig darauf, eine Hypothek mitzuunterschreiben oder sich \u00fcber Netflix zu streiten. Warum? Manche von uns suchen einen Partner, der unsere Gef\u00fchle nachempfinden kann, ohne dass es irgendwelche Verpflichtungen gibt. Anfangs dachte ich, dass das [&hellip;]<\/p>\n","protected":false},"author":1,"featured_media":44,"parent":0,"menu_order":0,"comment_status":"closed","ping_status":"closed","template":"","meta":{"footnotes":""},"class_list":["post-43","page","type-page","status-publish","has-post-thumbnail","hentry"],"aioseo_notices":[],"_links":{"self":[{"href":"https:\/\/www.fwbspaces.com\/index.php\/wp-json\/wp\/v2\/pages\/43","targetHints":{"allow":["GET"]}}],"collection":[{"href":"https:\/\/www.fwbspaces.com\/index.php\/wp-json\/wp\/v2\/pages"}],"about":[{"href":"https:\/\/www.fwbspaces.com\/index.php\/wp-json\/wp\/v2\/types\/page"}],"author":[{"embeddable":true,"href":"https:\/\/www.fwbspaces.com\/index.php\/wp-json\/wp\/v2\/users\/1"}],"replies":[{"embeddable":true,"href":"https:\/\/www.fwbspaces.com\/index.php\/wp-json\/wp\/v2\/comments?post=43"}],"version-history":[{"count":1,"href":"https:\/\/www.fwbspaces.com\/index.php\/wp-json\/wp\/v2\/pages\/43\/revisions"}],"predecessor-version":[{"id":45,"href":"https:\/\/www.fwbspaces.com\/index.php\/wp-json\/wp\/v2\/pages\/43\/revisions\/45"}],"wp:featuredmedia":[{"embeddable":true,"href":"https:\/\/www.fwbspaces.com\/index.php\/wp-json\/wp\/v2\/media\/44"}],"wp:attachment":[{"href":"https:\/\/www.fwbspaces.com\/index.php\/wp-json\/wp\/v2\/media?parent=43"}],"curies":[{"name":"wp","href":"https:\/\/api.w.org\/{rel}","templated":true}]}}